{"id":206,"date":"2024-04-05T18:00:58","date_gmt":"2024-04-06T00:00:58","guid":{"rendered":"https:\/\/parroquiadepuertodenieto.org\/parroquia\/?page_id=206"},"modified":"2024-04-05T18:11:40","modified_gmt":"2024-04-06T00:11:40","slug":"copias-de-boletas-y-correcciones-al-obispado-diocesano","status":"publish","type":"page","link":"https:\/\/parroquiadepuertodenieto.org\/parroquia\/index.php\/copias-de-boletas-y-correcciones-al-obispado-diocesano\/","title":{"rendered":"Copias de Boletas y Correcciones al Obispado Diocesano"},"content":{"rendered":"\n<p>Costo de Copias de Boletas y Correcciones al Obispado Diocesano:<\/p>\n\n\n\n<figure class=\"wp-block-table is-style-stripes\"><table><tbody><tr><td><strong>DESCRIPCI\u00d3N<\/strong><strong><\/strong><\/td><td><strong>MONTO<\/strong><strong><\/strong><\/td><\/tr><tr><td>COPIA DE BOLETAS<\/td><td>$120<\/td><\/tr><tr><td>CORRECCIONES AL OBISPADO DIOCESANO<\/td><td>$100<\/td><\/tr><tr><td>CONSTANCIA DE PRIMERA COMUNI\u00d3N<\/td><td>$100<\/td><\/tr><\/tbody><\/table><\/figure>\n\n\n\n<p><\/p>\n\n\n\n<p>Para m\u00e1s informaci\u00f3n contacte a la Notar\u00eda Parroquial <a href=\"https:\/\/parroquiadepuertodenieto.org\/parroquia\/index.php\/contacto\/\" data-type=\"page\" data-id=\"13\">AQUI.<\/a><\/p>\n","protected":false},"excerpt":{"rendered":"<p>Costo de Copias de Boletas y Correcciones al Obispado Diocesano: DESCRIPCI\u00d3N MONTO COPIA DE<span class=\"more-dots\">&#8230;<\/span><\/p>\n","protected":false},"author":1,"featured_media":0,"parent":0,"menu_order":0,"comment_status":"closed","ping_status":"closed","template":"","meta":{"footnotes":""},"class_list":["post-206","page","type-page","status-publish","hentry","no-post-thumbnail"],"_links":{"self":[{"href":"https:\/\/parroquiadepuertodenieto.org\/parroquia\/index.php\/wp-json\/wp\/v2\/pages\/206","targetHints":{"allow":["GET"]}}],"collection":[{"href":"https:\/\/parroquiadepuertodenieto.org\/parroquia\/index.php\/wp-json\/wp\/v2\/pages"}],"about":[{"href":"https:\/\/parroquiadepuertodenieto.org\/parroquia\/index.php\/wp-json\/wp\/v2\/types\/page"}],"author":[{"embeddable":true,"href":"https:\/\/parroquiadepuertodenieto.org\/parroquia\/index.php\/wp-json\/wp\/v2\/users\/1"}],"replies":[{"embeddable":true,"href":"https:\/\/parroquiadepuertodenieto.org\/parroquia\/index.php\/wp-json\/wp\/v2\/comments?post=206"}],"version-history":[{"count":2,"href":"https:\/\/parroquiadepuertodenieto.org\/parroquia\/index.php\/wp-json\/wp\/v2\/pages\/206\/revisions"}],"predecessor-version":[{"id":217,"href":"https:\/\/parroquiadepuertodenieto.org\/parroquia\/index.php\/wp-json\/wp\/v2\/pages\/206\/revisions\/217"}],"wp:attachment":[{"href":"https:\/\/parroquiadepuertodenieto.org\/parroquia\/index.php\/wp-json\/wp\/v2\/media?parent=206"}],"curies":[{"name":"wp","href":"https:\/\/api.w.org\/{rel}","templated":true}]}}