{"id":199,"date":"2024-04-05T17:56:46","date_gmt":"2024-04-05T23:56:46","guid":{"rendered":"https:\/\/parroquiadepuertodenieto.org\/parroquia\/?page_id=199"},"modified":"2024-04-05T18:02:48","modified_gmt":"2024-04-06T00:02:48","slug":"tedeum-3-anos","status":"publish","type":"page","link":"https:\/\/parroquiadepuertodenieto.org\/parroquia\/index.php\/servicios-parroquiales\/tedeum-3-anos\/","title":{"rendered":"Tedeum 3 a\u00f1os"},"content":{"rendered":"\n<p><strong>Tedeum 3 a\u00f1os<\/strong>:<\/p>\n\n\n\n<p><\/p>\n\n\n\n<p>Todos los s\u00e1bados, \u00fanicamente en la parroquia a las 12:30 pm.<\/p>\n\n\n\n<p><\/p>\n\n\n\n<p>Costo de Tedeum: $200<\/p>\n\n\n\n<p><\/p>\n\n\n\n<p>Para m\u00e1s informaci\u00f3n contacte a la Notar\u00eda Parroquial <a href=\"https:\/\/parroquiadepuertodenieto.org\/parroquia\/index.php\/contacto\/\" data-type=\"page\" data-id=\"13\">AQUI.<\/a><\/p>\n","protected":false},"excerpt":{"rendered":"<p>Tedeum 3 a\u00f1os: Todos los s\u00e1bados, \u00fanicamente en la parroquia a las 12:30 pm.<span class=\"more-dots\">&#8230;<\/span><\/p>\n","protected":false},"author":1,"featured_media":0,"parent":119,"menu_order":0,"comment_status":"closed","ping_status":"closed","template":"","meta":{"footnotes":""},"class_list":["post-199","page","type-page","status-publish","hentry","no-post-thumbnail"],"_links":{"self":[{"href":"https:\/\/parroquiadepuertodenieto.org\/parroquia\/index.php\/wp-json\/wp\/v2\/pages\/199","targetHints":{"allow":["GET"]}}],"collection":[{"href":"https:\/\/parroquiadepuertodenieto.org\/parroquia\/index.php\/wp-json\/wp\/v2\/pages"}],"about":[{"href":"https:\/\/parroquiadepuertodenieto.org\/parroquia\/index.php\/wp-json\/wp\/v2\/types\/page"}],"author":[{"embeddable":true,"href":"https:\/\/parroquiadepuertodenieto.org\/parroquia\/index.php\/wp-json\/wp\/v2\/users\/1"}],"replies":[{"embeddable":true,"href":"https:\/\/parroquiadepuertodenieto.org\/parroquia\/index.php\/wp-json\/wp\/v2\/comments?post=199"}],"version-history":[{"count":5,"href":"https:\/\/parroquiadepuertodenieto.org\/parroquia\/index.php\/wp-json\/wp\/v2\/pages\/199\/revisions"}],"predecessor-version":[{"id":211,"href":"https:\/\/parroquiadepuertodenieto.org\/parroquia\/index.php\/wp-json\/wp\/v2\/pages\/199\/revisions\/211"}],"up":[{"embeddable":true,"href":"https:\/\/parroquiadepuertodenieto.org\/parroquia\/index.php\/wp-json\/wp\/v2\/pages\/119"}],"wp:attachment":[{"href":"https:\/\/parroquiadepuertodenieto.org\/parroquia\/index.php\/wp-json\/wp\/v2\/media?parent=199"}],"curies":[{"name":"wp","href":"https:\/\/api.w.org\/{rel}","templated":true}]}}