{"id":193,"date":"2024-04-05T17:51:59","date_gmt":"2024-04-05T23:51:59","guid":{"rendered":"https:\/\/parroquiadepuertodenieto.org\/parroquia\/?page_id=193"},"modified":"2024-04-05T18:03:05","modified_gmt":"2024-04-06T00:03:05","slug":"presentacion-matrimonial","status":"publish","type":"page","link":"https:\/\/parroquiadepuertodenieto.org\/parroquia\/index.php\/servicios-parroquiales\/presentacion-matrimonial\/","title":{"rendered":"Presentaci\u00f3n Matrimonial"},"content":{"rendered":"\n<p><strong>Requisitos para Presentaci\u00f3n Matrimonial<\/strong>:<\/p>\n\n\n\n<ul class=\"wp-block-list\">\n<li>Acta de Matrimonio Civil.<\/li>\n\n\n\n<li>Boleta de Bautismo Reciente de ambos <strong>(No m\u00e1s de un a\u00f1o).<\/strong><\/li>\n\n\n\n<li>Boleta de Confirmaci\u00f3n (<strong>Si este sacramento viene anotado en la nota marginal de la boleta de bautismo, bastara con ese dato).<\/strong>&nbsp;&nbsp;&nbsp;&nbsp;&nbsp;&nbsp;&nbsp;&nbsp;&nbsp;&nbsp;&nbsp;&nbsp;&nbsp;&nbsp;&nbsp;&nbsp;&nbsp;<\/li>\n\n\n\n<li>3 fotos tama\u00f1o infantil de cada uno.<\/li>\n\n\n\n<li>Presentaci\u00f3n: Viernes y s\u00e1bados a las 9:00 am.  <\/li>\n\n\n\n<li>Platicas pre-matrimoniales (<strong>Cada tercer s\u00e1bado de mes a las 4:00 pm. En la parroquia).<\/strong><\/li>\n\n\n\n<li><strong>Traer todo en Original y Copia<\/strong><\/li>\n<\/ul>\n\n\n\n<p><\/p>\n\n\n\n<p>Nota: El d\u00eda de la presentaci\u00f3n presentarse con los Pap\u00e1s de cada uno, si por alguna raz\u00f3n los pap\u00e1s no pueden o ya no viven traer 2 familiares.<\/p>\n\n\n\n<p>Costo de la presentaci\u00f3n: $200<\/p>\n\n\n\n<p><\/p>\n\n\n\n<p>Para m\u00e1s informaci\u00f3n contacte a la Notar\u00eda Parroquial <a href=\"https:\/\/parroquiadepuertodenieto.org\/parroquia\/index.php\/contacto\/\" data-type=\"page\" data-id=\"13\">AQUI.<\/a><\/p>\n","protected":false},"excerpt":{"rendered":"<p>Requisitos para Presentaci\u00f3n Matrimonial: Nota: El d\u00eda de la presentaci\u00f3n presentarse con los Pap\u00e1s<span class=\"more-dots\">&#8230;<\/span><\/p>\n","protected":false},"author":1,"featured_media":0,"parent":119,"menu_order":0,"comment_status":"closed","ping_status":"closed","template":"","meta":{"footnotes":""},"class_list":["post-193","page","type-page","status-publish","hentry","no-post-thumbnail"],"_links":{"self":[{"href":"https:\/\/parroquiadepuertodenieto.org\/parroquia\/index.php\/wp-json\/wp\/v2\/pages\/193","targetHints":{"allow":["GET"]}}],"collection":[{"href":"https:\/\/parroquiadepuertodenieto.org\/parroquia\/index.php\/wp-json\/wp\/v2\/pages"}],"about":[{"href":"https:\/\/parroquiadepuertodenieto.org\/parroquia\/index.php\/wp-json\/wp\/v2\/types\/page"}],"author":[{"embeddable":true,"href":"https:\/\/parroquiadepuertodenieto.org\/parroquia\/index.php\/wp-json\/wp\/v2\/users\/1"}],"replies":[{"embeddable":true,"href":"https:\/\/parroquiadepuertodenieto.org\/parroquia\/index.php\/wp-json\/wp\/v2\/comments?post=193"}],"version-history":[{"count":3,"href":"https:\/\/parroquiadepuertodenieto.org\/parroquia\/index.php\/wp-json\/wp\/v2\/pages\/193\/revisions"}],"predecessor-version":[{"id":212,"href":"https:\/\/parroquiadepuertodenieto.org\/parroquia\/index.php\/wp-json\/wp\/v2\/pages\/193\/revisions\/212"}],"up":[{"embeddable":true,"href":"https:\/\/parroquiadepuertodenieto.org\/parroquia\/index.php\/wp-json\/wp\/v2\/pages\/119"}],"wp:attachment":[{"href":"https:\/\/parroquiadepuertodenieto.org\/parroquia\/index.php\/wp-json\/wp\/v2\/media?parent=193"}],"curies":[{"name":"wp","href":"https:\/\/api.w.org\/{rel}","templated":true}]}}