{"id":175,"date":"2024-04-05T17:22:58","date_gmt":"2024-04-05T23:22:58","guid":{"rendered":"https:\/\/parroquiadepuertodenieto.org\/parroquia\/?page_id=175"},"modified":"2024-04-05T18:06:19","modified_gmt":"2024-04-06T00:06:19","slug":"bautismo","status":"publish","type":"page","link":"https:\/\/parroquiadepuertodenieto.org\/parroquia\/index.php\/servicios-parroquiales\/bautismo\/","title":{"rendered":"BAUTISMO"},"content":{"rendered":"\n<p class=\"has-large-font-size\">Requisitos para Sacramento del Bautismo:<\/p>\n\n\n\n<p><\/p>\n\n\n\n<ol class=\"wp-block-list\">\n<li>Acta de nacimiento del Infante.<\/li>\n\n\n\n<li>Comprobante de Pl\u00e1ticas. (Pl\u00e1ticas el d\u00eda del bautismo a la 11:00 am).<\/li>\n\n\n\n<li>Copia de la credencial del INE de los pap\u00e1s.<\/li>\n\n\n\n<li>Boleta de matrimonio por la Iglesia de Papas y Padrinos.<\/li>\n\n\n\n<li>Fechas de bautismos: Primer y Tercer s\u00e1bado de cada mes las 12:00 pm.<\/li>\n\n\n\n<li>Traer la documentaci\u00f3n en la semana que ser\u00e1 el Bautismo.<\/li>\n\n\n\n<li>Todos los papeles deben ser entregados en copia.<\/li>\n<\/ol>\n\n\n\n<p><\/p>\n\n\n\n<p>Costo de boleta $200<br><\/p>\n\n\n\n<p>Nota: Si los pap\u00e1s no est\u00e1n casados por la iglesia, presentar sus boletas de bautismo.<\/p>\n\n\n\n<p>Para m\u00e1s informaci\u00f3n contacte a la Notar\u00eda Parroquial <a href=\"https:\/\/parroquiadepuertodenieto.org\/parroquia\/index.php\/contacto\/\" data-type=\"page\" data-id=\"13\">AQUI.<\/a><\/p>\n","protected":false},"excerpt":{"rendered":"<p>Requisitos para Sacramento del Bautismo: Costo de boleta $200 Nota: Si los pap\u00e1s no<span class=\"more-dots\">&#8230;<\/span><\/p>\n","protected":false},"author":1,"featured_media":0,"parent":119,"menu_order":0,"comment_status":"closed","ping_status":"closed","template":"","meta":{"footnotes":""},"class_list":["post-175","page","type-page","status-publish","hentry","no-post-thumbnail"],"_links":{"self":[{"href":"https:\/\/parroquiadepuertodenieto.org\/parroquia\/index.php\/wp-json\/wp\/v2\/pages\/175","targetHints":{"allow":["GET"]}}],"collection":[{"href":"https:\/\/parroquiadepuertodenieto.org\/parroquia\/index.php\/wp-json\/wp\/v2\/pages"}],"about":[{"href":"https:\/\/parroquiadepuertodenieto.org\/parroquia\/index.php\/wp-json\/wp\/v2\/types\/page"}],"author":[{"embeddable":true,"href":"https:\/\/parroquiadepuertodenieto.org\/parroquia\/index.php\/wp-json\/wp\/v2\/users\/1"}],"replies":[{"embeddable":true,"href":"https:\/\/parroquiadepuertodenieto.org\/parroquia\/index.php\/wp-json\/wp\/v2\/comments?post=175"}],"version-history":[{"count":5,"href":"https:\/\/parroquiadepuertodenieto.org\/parroquia\/index.php\/wp-json\/wp\/v2\/pages\/175\/revisions"}],"predecessor-version":[{"id":214,"href":"https:\/\/parroquiadepuertodenieto.org\/parroquia\/index.php\/wp-json\/wp\/v2\/pages\/175\/revisions\/214"}],"up":[{"embeddable":true,"href":"https:\/\/parroquiadepuertodenieto.org\/parroquia\/index.php\/wp-json\/wp\/v2\/pages\/119"}],"wp:attachment":[{"href":"https:\/\/parroquiadepuertodenieto.org\/parroquia\/index.php\/wp-json\/wp\/v2\/media?parent=175"}],"curies":[{"name":"wp","href":"https:\/\/api.w.org\/{rel}","templated":true}]}}