{"id":119,"date":"2024-03-26T23:26:31","date_gmt":"2024-03-27T05:26:31","guid":{"rendered":"https:\/\/parroquiadepuertodenieto.org\/parroquia\/?page_id=119"},"modified":"2024-04-05T18:11:02","modified_gmt":"2024-04-06T00:11:02","slug":"servicios-parroquiales","status":"publish","type":"page","link":"https:\/\/parroquiadepuertodenieto.org\/parroquia\/index.php\/servicios-parroquiales\/","title":{"rendered":"Servicios Parroquiales"},"content":{"rendered":"\n<p class=\"has-font-background-color has-background has-medium-font-size\"><a href=\"https:\/\/parroquiadepuertodenieto.org\/parroquia\/index.php\/iglesias\/\" data-type=\"page\" data-id=\"112\">Misas<\/a><\/p>\n\n\n\n<p class=\"has-font-background-color has-background has-medium-font-size\"><a href=\"http:\/\/parroquiadepuertodenieto.org\/intenciones\">Intenciones en Misas<\/a><\/p>\n\n\n\n<p class=\"has-dark-background-color has-background has-medium-font-size\"><a href=\"https:\/\/parroquiadepuertodenieto.org\/parroquia\/index.php\/servicios-parroquiales\/confesiones\/\" data-type=\"page\" data-id=\"160\">Confesiones<\/a><\/p>\n\n\n\n<p class=\"has-dark-background-color has-background has-medium-font-size\"><a href=\"https:\/\/parroquiadepuertodenieto.org\/parroquia\/index.php\/bautismo\/\" data-type=\"page\" data-id=\"175\">Bautismos<\/a><\/p>\n\n\n\n<p class=\"has-dark-background-color has-background has-medium-font-size\"><a href=\"https:\/\/parroquiadepuertodenieto.org\/parroquia\/index.php\/confirmacion-y-primera-comunion\/\" data-type=\"page\" data-id=\"185\">Confirmaci\u00f3n y Primera Comuni\u00f3n<\/a><\/p>\n\n\n\n<p class=\"has-dark-background-color has-background has-medium-font-size\"><a href=\"https:\/\/parroquiadepuertodenieto.org\/parroquia\/index.php\/presentacion-matrimonial\/\" data-type=\"page\" data-id=\"193\">Presentaci\u00f3n Matrimonial<\/a><\/p>\n\n\n\n<p class=\"has-dark-background-color has-background has-medium-font-size\"><a href=\"https:\/\/parroquiadepuertodenieto.org\/parroquia\/index.php\/servicios-parroquiales\/tedeum-3-anos\/\" data-type=\"page\" data-id=\"199\">Tedeum 3 a\u00f1os<\/a><\/p>\n\n\n\n<p class=\"has-dark-background-color has-background has-medium-font-size\"><a href=\"https:\/\/parroquiadepuertodenieto.org\/parroquia\/index.php\/copias-de-boletas-y-correcciones-al-obispado-diocesano\/\" data-type=\"page\" data-id=\"206\">Copias de Boletas y Correcciones al Obispado Diocesano<\/a><\/p>\n\n\n\n<p><\/p>\n\n\n\n<p><\/p>\n\n\n\n<p><\/p>\n","protected":false},"excerpt":{"rendered":"<p>Misas Intenciones en Misas Confesiones Bautismos Confirmaci\u00f3n y Primera Comuni\u00f3n Presentaci\u00f3n Matrimonial Tedeum 3<span class=\"more-dots\">&#8230;<\/span><\/p>\n","protected":false},"author":1,"featured_media":0,"parent":0,"menu_order":0,"comment_status":"closed","ping_status":"closed","template":"","meta":{"footnotes":""},"class_list":["post-119","page","type-page","status-publish","hentry","no-post-thumbnail"],"_links":{"self":[{"href":"https:\/\/parroquiadepuertodenieto.org\/parroquia\/index.php\/wp-json\/wp\/v2\/pages\/119","targetHints":{"allow":["GET"]}}],"collection":[{"href":"https:\/\/parroquiadepuertodenieto.org\/parroquia\/index.php\/wp-json\/wp\/v2\/pages"}],"about":[{"href":"https:\/\/parroquiadepuertodenieto.org\/parroquia\/index.php\/wp-json\/wp\/v2\/types\/page"}],"author":[{"embeddable":true,"href":"https:\/\/parroquiadepuertodenieto.org\/parroquia\/index.php\/wp-json\/wp\/v2\/users\/1"}],"replies":[{"embeddable":true,"href":"https:\/\/parroquiadepuertodenieto.org\/parroquia\/index.php\/wp-json\/wp\/v2\/comments?post=119"}],"version-history":[{"count":11,"href":"https:\/\/parroquiadepuertodenieto.org\/parroquia\/index.php\/wp-json\/wp\/v2\/pages\/119\/revisions"}],"predecessor-version":[{"id":216,"href":"https:\/\/parroquiadepuertodenieto.org\/parroquia\/index.php\/wp-json\/wp\/v2\/pages\/119\/revisions\/216"}],"wp:attachment":[{"href":"https:\/\/parroquiadepuertodenieto.org\/parroquia\/index.php\/wp-json\/wp\/v2\/media?parent=119"}],"curies":[{"name":"wp","href":"https:\/\/api.w.org\/{rel}","templated":true}]}}