{"id":10,"date":"2024-03-26T19:11:43","date_gmt":"2024-03-26T19:11:43","guid":{"rendered":"https:\/\/parroquiadepuertodenieto.org\/parroquia\/?page_id=10"},"modified":"2026-04-01T15:49:41","modified_gmt":"2026-04-01T21:49:41","slug":"home","status":"publish","type":"page","link":"https:\/\/parroquiadepuertodenieto.org\/parroquia\/","title":{"rendered":"Bienvenid@s"},"content":{"rendered":"\n<figure class=\"wp-block-image aligncenter size-large is-resized\"><a href=\"https:\/\/www.facebook.com\/parroquiadepuertodenieto\"><img loading=\"lazy\" decoding=\"async\" width=\"1024\" height=\"774\" src=\"https:\/\/parroquiadepuertodenieto.org\/parroquia\/wp-content\/uploads\/2026\/04\/FBOOK-1024x774.png\" alt=\"\" class=\"wp-image-258\" style=\"aspect-ratio:1.323038605230386;width:91px;height:auto\" srcset=\"https:\/\/parroquiadepuertodenieto.org\/parroquia\/wp-content\/uploads\/2026\/04\/FBOOK-1024x774.png 1024w, https:\/\/parroquiadepuertodenieto.org\/parroquia\/wp-content\/uploads\/2026\/04\/FBOOK-300x227.png 300w, https:\/\/parroquiadepuertodenieto.org\/parroquia\/wp-content\/uploads\/2026\/04\/FBOOK-768x580.png 768w, https:\/\/parroquiadepuertodenieto.org\/parroquia\/wp-content\/uploads\/2026\/04\/FBOOK-1536x1161.png 1536w, https:\/\/parroquiadepuertodenieto.org\/parroquia\/wp-content\/uploads\/2026\/04\/FBOOK-1132x855.png 1132w, https:\/\/parroquiadepuertodenieto.org\/parroquia\/wp-content\/uploads\/2026\/04\/FBOOK.png 1600w\" sizes=\"auto, (max-width: 1024px) 100vw, 1024px\" \/><\/a><\/figure>\n\n\n\n<p class=\"has-text-align-center\"><a href=\"https:\/\/www.facebook.com\/parroquiadepuertodenieto\">SIGUENOS EN FACEBOOK<\/a><\/p>\n\n\n\n<p>Esta es la p\u00e1gina oficial de la <strong><mark style=\"background-color:rgba(0, 0, 0, 0)\" class=\"has-inline-color has-main-2-color\">Parroquia de Nuestra Madre Sant\u00edsima de la Luz<\/mark><\/strong> en Puerto de Nieto, Guanajuato, donde encontraras informaci\u00f3n importante de esta sede Parroquial.<\/p>\n\n\n\n<div class=\"wp-block-columns  cols-bordered cols-rounded cols-padding cols-shadow-hover is-layout-flex wp-container-core-columns-is-layout-9d6595d7 wp-block-columns-is-layout-flex\">\n<div class=\"wp-block-column is-layout-flow wp-block-column-is-layout-flow\">\n<figure class=\"wp-block-image aligncenter size-thumbnail is-resized\"><img decoding=\"async\" src=\"https:\/\/parroquiadepuertodenieto.org\/parroquia\/wp-content\/themes\/exs-church\/assets\/img\/icon-church.png\" alt=\"\" class=\"wp-image-136\" style=\"width:75px;height:75px\"\/><\/figure>\n\n\n\n<h3 class=\"wp-block-heading has-text-align-center mt-05 mb-1\"><strong>Iglesias<\/strong><\/h3>\n\n\n\n<p class=\"has-text-align-center\" id=\"iglesias\">Encuentra la Iglesias cerca de tu comunidad y ven a conocerlas<\/p>\n\n\n\n<div class=\"wp-block-buttons is-content-justification-center is-layout-flex wp-container-core-buttons-is-layout-16018d1d wp-block-buttons-is-layout-flex\">\n<div class=\"wp-block-button\"><a class=\"wp-block-button__link wp-element-button\" href=\"https:\/\/parroquiadepuertodenieto.org\/parroquia\/index.php\/iglesias\/\" rel=\"\">Iglesias<\/a><\/div>\n<\/div>\n<\/div>\n\n\n\n<div class=\"wp-block-column is-layout-flow wp-block-column-is-layout-flow\">\n<figure class=\"wp-block-image aligncenter size-thumbnail is-resized is-style-default\"><img decoding=\"async\" src=\"https:\/\/parroquiadepuertodenieto.org\/parroquia\/wp-content\/themes\/exs-church\/assets\/img\/icon-bible.png\" alt=\"\" class=\"wp-image-135\" style=\"width:75px;height:75px\"\/><\/figure>\n\n\n\n<h3 class=\"wp-block-heading has-text-align-center mt-05 mb-1\"><strong>Intenciones<\/strong><\/h3>\n\n\n\n<p class=\"has-text-align-center\">Ahora podr\u00e1s agendar tu intenci\u00f3n en alguna de nuestras Iglesias pertenecientes a la Parroquia.<\/p>\n\n\n\n<div class=\"wp-block-buttons is-content-justification-center is-layout-flex wp-container-core-buttons-is-layout-16018d1d wp-block-buttons-is-layout-flex\">\n<div class=\"wp-block-button\"><a class=\"wp-block-button__link wp-element-button\" href=\"https:\/\/parroquiadepuertodenieto.org\/intenciones\">Intenciones<\/a><\/div>\n<\/div>\n<\/div>\n\n\n\n<div class=\"wp-block-column is-layout-flow wp-block-column-is-layout-flow\">\n<figure class=\"wp-block-image aligncenter size-thumbnail is-resized\"><img decoding=\"async\" src=\"https:\/\/parroquiadepuertodenieto.org\/parroquia\/wp-content\/themes\/exs-church\/assets\/img\/icon-cross.png\" alt=\"\" class=\"wp-image-132\" style=\"width:75px;height:75px\"\/><\/figure>\n\n\n\n<h3 class=\"wp-block-heading has-text-align-center mt-05 mb-1\"><strong>Servicios Parroquiales<\/strong><\/h3>\n\n\n\n<p class=\"has-text-align-center\">Informaci\u00f3n sobre los servicios que ofrece la Parroquia<\/p>\n\n\n\n<div class=\"wp-block-buttons is-content-justification-center is-layout-flex wp-container-core-buttons-is-layout-16018d1d wp-block-buttons-is-layout-flex\">\n<div class=\"wp-block-button\"><a class=\"wp-block-button__link wp-element-button\" href=\"https:\/\/parroquiadepuertodenieto.org\/parroquia\/index.php\/servicios-parroquiales\/\">Servicios<\/a><\/div>\n<\/div>\n<\/div>\n\n\n\n<div class=\"wp-block-column is-layout-flow wp-block-column-is-layout-flow\">\n<figure class=\"wp-block-image aligncenter size-thumbnail is-resized is-style-default\"><img decoding=\"async\" src=\"https:\/\/parroquiadepuertodenieto.org\/parroquia\/wp-content\/themes\/exs-church\/assets\/img\/icon-praying.png\" alt=\"\" class=\"wp-image-133\" style=\"width:75px;height:75px\"\/><\/figure>\n\n\n\n<h3 class=\"wp-block-heading has-text-align-center mt-05 mb-1\"><strong>Grupos Pastorales<\/strong><\/h3>\n\n\n\n<p class=\"has-text-align-center\">Unete a nuestros grupos pastorales, Jes\u00fas te est\u00e1 esperando<\/p>\n\n\n\n<div class=\"wp-block-buttons is-content-justification-center is-layout-flex wp-container-core-buttons-is-layout-16018d1d wp-block-buttons-is-layout-flex\">\n<div class=\"wp-block-button\"><a class=\"wp-block-button__link wp-element-button\">Unete<\/a><\/div>\n<\/div>\n<\/div>\n<\/div>\n\n\n\n<div style=\"height:100px\" aria-hidden=\"true\" class=\"wp-block-spacer\"><\/div>\n\n\n\n<div class=\"wp-block-columns are-vertically-aligned-center l m cols-single-md gap-0 is-layout-flex wp-container-core-columns-is-layout-9d6595d7 wp-block-columns-is-layout-flex\">\n<div class=\"wp-block-column is-vertically-aligned-center is-layout-flow wp-block-column-is-layout-flow\" style=\"flex-basis:50%\">\n<figure class=\"wp-block-image size-full is-resized\"><img loading=\"lazy\" decoding=\"async\" width=\"1920\" height=\"2560\" src=\"https:\/\/parroquiadepuertodenieto.org\/parroquia\/wp-content\/uploads\/2025\/01\/WhatsApp-Image-2025-01-29-at-12.03.35-PM-scaled.jpeg\" alt=\"\" class=\"wp-image-226\" style=\"width:569px;height:auto\" srcset=\"https:\/\/parroquiadepuertodenieto.org\/parroquia\/wp-content\/uploads\/2025\/01\/WhatsApp-Image-2025-01-29-at-12.03.35-PM-scaled.jpeg 1920w, https:\/\/parroquiadepuertodenieto.org\/parroquia\/wp-content\/uploads\/2025\/01\/WhatsApp-Image-2025-01-29-at-12.03.35-PM-225x300.jpeg 225w, https:\/\/parroquiadepuertodenieto.org\/parroquia\/wp-content\/uploads\/2025\/01\/WhatsApp-Image-2025-01-29-at-12.03.35-PM-768x1024.jpeg 768w, https:\/\/parroquiadepuertodenieto.org\/parroquia\/wp-content\/uploads\/2025\/01\/WhatsApp-Image-2025-01-29-at-12.03.35-PM-1152x1536.jpeg 1152w, https:\/\/parroquiadepuertodenieto.org\/parroquia\/wp-content\/uploads\/2025\/01\/WhatsApp-Image-2025-01-29-at-12.03.35-PM-1536x2048.jpeg 1536w, https:\/\/parroquiadepuertodenieto.org\/parroquia\/wp-content\/uploads\/2025\/01\/WhatsApp-Image-2025-01-29-at-12.03.35-PM-641x855.jpeg 641w\" sizes=\"auto, (max-width: 1920px) 100vw, 1920px\" \/><\/figure>\n<\/div>\n\n\n\n<div class=\"wp-block-column is-vertically-aligned-center p-big is-layout-flow wp-block-column-is-layout-flow\" style=\"flex-basis:50%\">\n<h2 class=\"wp-block-heading mb-0 mt-1\"><strong><mark style=\"background-color:rgba(0, 0, 0, 0)\" class=\"has-inline-color has-main-2-color\">Nuestra Madre Sant\u00edsima de la Luz<\/mark><\/strong><\/h2>\n\n\n\n<hr class=\"wp-block-separator has-css-opacity mt-2 mb-2\"\/>\n\n\n\n<h4 class=\"wp-block-heading\">Venerara en la Parroquia de Puerto de Nieto, Guanajuato.<\/h4>\n\n\n\n<p>Madre Sant\u00edsima danos tu amor as\u00ed como lo diste a nuestro se\u00f1or Jesucristo. <\/p>\n<\/div>\n<\/div>\n\n\n\n<div style=\"height:100px\" aria-hidden=\"true\" class=\"wp-block-spacer\"><\/div>\n\n\n\n<div class=\"wp-block-group  pt-1 pb-1 is-layout-flow wp-block-group-is-layout-flow\">\n<h2 class=\"wp-block-heading has-text-align-center mb-05 has-xxl-font-size\">Aqu\u00ed estoy se\u00f1or toma mi vida, <strong>Sacerdote por siempre quiero ser.<\/strong><\/h2>\n\n\n\n<p class=\"has-text-align-center has-normal-font-size\">Tienes inquietud por esta vocaci\u00f3n? Inf\u00f3rmate aqu\u00ed.<\/p>\n\n\n\n<hr class=\"wp-block-separator has-css-opacity center mt-2 mb-2\"\/>\n<\/div>\n\n\n\n<div class=\"wp-block-columns cols-single-sm gap-30 is-layout-flex wp-container-core-columns-is-layout-9d6595d7 wp-block-columns-is-layout-flex\">\n<div class=\"wp-block-column is-layout-flow wp-block-column-is-layout-flow\">\n<div class=\"wp-block-cover\" style=\"min-height:440px;aspect-ratio:unset;\"><img decoding=\"async\" class=\"wp-block-cover__image-background wp-image-759\" alt=\"\" src=\"https:\/\/parroquiadepuertodenieto.org\/parroquia\/wp-content\/themes\/exs-church\/assets\/img\/2.jpg\" data-object-fit=\"cover\"\/><span aria-hidden=\"true\" class=\"wp-block-cover__background has-background-dim-60 has-background-dim\"><\/span><div class=\"wp-block-cover__inner-container is-layout-flow wp-block-cover-is-layout-flow\">\n<p class=\"has-large-font-size\">Bautizo<\/p>\n\n\n\n<p>La Parroquia impone este Sacramento como lo hizo nuestro se\u00f1or Jesus.<\/p>\n<\/div><\/div>\n<\/div>\n\n\n\n<div class=\"wp-block-column is-layout-flow wp-block-column-is-layout-flow\">\n<div class=\"wp-block-cover\" style=\"min-height:205px;aspect-ratio:unset;\"><img decoding=\"async\" class=\"wp-block-cover__image-background wp-image-807\" alt=\"\" src=\"https:\/\/parroquiadepuertodenieto.org\/parroquia\/wp-content\/themes\/exs-church\/assets\/img\/9.jpg\" data-object-fit=\"cover\"\/><span aria-hidden=\"true\" class=\"wp-block-cover__background has-background-dim-60 has-background-dim\"><\/span><div class=\"wp-block-cover__inner-container is-layout-flow wp-block-cover-is-layout-flow\">\n<p class=\"has-text-align-right has-large-font-size\">Catequesis<\/p>\n\n\n\n<p class=\"has-text-align-right\">Todos los S\u00e1bados 4 pm para todos los ni\u00f1os desde los 6 a\u00f1os.<\/p>\n<\/div><\/div>\n\n\n\n<div style=\"height:30px\" aria-hidden=\"true\" class=\"wp-block-spacer\"><\/div>\n\n\n\n<div class=\"wp-block-cover\" style=\"min-height:205px;aspect-ratio:unset;\"><img decoding=\"async\" class=\"wp-block-cover__image-background wp-image-827\" alt=\"\" src=\"https:\/\/parroquiadepuertodenieto.org\/parroquia\/wp-content\/themes\/exs-church\/assets\/img\/1.jpg\" data-object-fit=\"cover\"\/><span aria-hidden=\"true\" class=\"wp-block-cover__background has-background-dim-60 has-background-dim\"><\/span><div class=\"wp-block-cover__inner-container is-layout-flow wp-block-cover-is-layout-flow\">\n<p class=\"has-text-align-right has-large-font-size\"><\/p>\n\n\n\n<p class=\"has-text-align-right\"><\/p>\n<\/div><\/div>\n<\/div>\n<\/div>\n\n\n\n<vaticannews-widget lang=\"es\" fontSize=\"14\"><\/vaticannews-widget>\n<script src=\"https:\/\/www.vaticannews.va\/widget.js\"><\/script>\n\n\n\n<p><\/p>\n","protected":false},"excerpt":{"rendered":"<p>SIGUENOS EN FACEBOOK Esta es la p\u00e1gina oficial de la Parroquia de Nuestra Madre<span class=\"more-dots\">&#8230;<\/span><\/p>\n","protected":false},"author":1,"featured_media":0,"parent":0,"menu_order":0,"comment_status":"closed","ping_status":"closed","template":"page-templates\/no-sidebar-no-title.php","meta":{"footnotes":""},"class_list":["post-10","page","type-page","status-publish","hentry","no-post-thumbnail"],"_links":{"self":[{"href":"https:\/\/parroquiadepuertodenieto.org\/parroquia\/index.php\/wp-json\/wp\/v2\/pages\/10","targetHints":{"allow":["GET"]}}],"collection":[{"href":"https:\/\/parroquiadepuertodenieto.org\/parroquia\/index.php\/wp-json\/wp\/v2\/pages"}],"about":[{"href":"https:\/\/parroquiadepuertodenieto.org\/parroquia\/index.php\/wp-json\/wp\/v2\/types\/page"}],"author":[{"embeddable":true,"href":"https:\/\/parroquiadepuertodenieto.org\/parroquia\/index.php\/wp-json\/wp\/v2\/users\/1"}],"replies":[{"embeddable":true,"href":"https:\/\/parroquiadepuertodenieto.org\/parroquia\/index.php\/wp-json\/wp\/v2\/comments?post=10"}],"version-history":[{"count":17,"href":"https:\/\/parroquiadepuertodenieto.org\/parroquia\/index.php\/wp-json\/wp\/v2\/pages\/10\/revisions"}],"predecessor-version":[{"id":259,"href":"https:\/\/parroquiadepuertodenieto.org\/parroquia\/index.php\/wp-json\/wp\/v2\/pages\/10\/revisions\/259"}],"wp:attachment":[{"href":"https:\/\/parroquiadepuertodenieto.org\/parroquia\/index.php\/wp-json\/wp\/v2\/media?parent=10"}],"curies":[{"name":"wp","href":"https:\/\/api.w.org\/{rel}","templated":true}]}}